{"id":3,"date":"2025-09-04T21:22:08","date_gmt":"2025-09-04T19:22:08","guid":{"rendered":"https:\/\/davidring.lima-city.at\/?page_id=3"},"modified":"2025-09-17T09:16:31","modified_gmt":"2025-09-17T07:16:31","slug":"datenschutzerklaerung","status":"publish","type":"page","link":"https:\/\/davidring.net\/en\/datenschutzerklaerung\/","title":{"rendered":"Privacy policy"},"content":{"rendered":"<p><a href=\"#privacy-policy_en\">Jump to English version<\/a><\/p>\n\n\n\n<h3 class=\"wp-block-heading\">Grundlegendes<\/h3>\n\n\n\n<p>In folgender Datenschutzerkl\u00e4rung informieren wir Sie \u00fcber die wichtigsten Aspekte der Datenverarbeitung im Rahmen unserer Webseite. Wir erheben und verarbeiten personenbezogene Daten nur auf Grundlage der gesetzlichen Bestimmungen (Datenschutzgrundverordnung, Telekommunikationsgesetz 2003).<\/p>\n\n\n\n<p>Sobald Sie als Benutzer auf unsere Webseite zugreifen oder diese besuchen, wird Ihre IP-Adresse, Beginn sowie Beginn und Ende der Sitzung erfasst. Dies ist technisch bedingt und stellt somit ein berechtigtes Interesse iSv Art 6 Abs 1 lit f DSGVO.<\/p>\n\n\n\n<h3 class=\"wp-block-heading\">Server-Log Files<\/h3>\n\n\n\n<p>Diese Webseite und der damit verbundene Provider erhebt im Zuge der Webseitennutzung automatisch Informationen im Rahmen sogenannter \u201eServer-Log Files\u201c. Dies betrifft insbesondere:<\/p>\n\n\n\n<ul class=\"wp-block-list\">\n<li>IP-Adresse oder Hostname<\/li>\n\n\n\n<li>den verwendeten Browser<\/li>\n\n\n\n<li>Aufenthaltsdauer auf der Webseite sowie Datum und Uhrzeit<\/li>\n\n\n\n<li>aufgerufene Seiten der Webseite<\/li>\n\n\n\n<li>Spracheinstellungen und Betriebssystem<\/li>\n\n\n\n<li>\u201eLeaving-Page\u201c (auf welcher URL hat der Benutzer die Webseite verlassen)<\/li>\n\n\n\n<li>ISP (Internet Service Provider)<\/li>\n<\/ul>\n\n\n\n<p>Diese erhobenen Informationen werden nicht personenbezogen verarbeitet oder mit personenbezogenen Daten in Verbindung gebracht.<\/p>\n\n\n\n<h3 class=\"wp-block-heading\">Cookies<\/h3>\n\n\n\n<p>Unsere Website verwendet sogenannte Cookies. Dabei handelt es sich um kleine Textdateien, die mithilfe des Browsers auf Ihrem Endger\u00e4t abgelegt werden. Sie richten keinen Schaden an. Wir nutzen Cookies dazu, unser Angebot nutzerfreundlich zu gestalten. Einige Cookies bleiben auf Ihrem Endger\u00e4t gespeichert, bis Sie diese l\u00f6schen. Sie erm\u00f6glichen es uns, Ihren Browser beim n\u00e4chsten Besuch wiederzuerkennen. Wenn Sie dies nicht w\u00fcnschen, so k\u00f6nnen Sie Ihren Browser so einrichten, dass er Sie \u00fcber das Setzen von Cookies informiert und Sie dies nur im Einzelfall erlauben. Bei der Deaktivierung von Cookies kann die Funktionalit\u00e4t unserer Website eingeschr\u00e4nkt sein.<\/p>\n\n\n\n<p>Genaue Angaben \u00fcber die verwendeten Cookies k\u00f6nnen Sie unserer automatisiert erstellten <a href=\"https:\/\/davidring.net\/en\/cookie-richtlinie-eu\/\">Cookie-Richtlinie<\/a> entnehmen.<\/p>\n\n\n\n<h3 class=\"wp-block-heading\">Eingebettete Inhalte von anderen Websites<\/h3>\n\n\n\n<p>Beitr\u00e4ge auf dieser Website k\u00f6nnen eingebettete Inhalte beinhalten (z.&nbsp;B. Videos, Bilder, Beitr\u00e4ge etc.). Eingebettete Inhalte von anderen Websites verhalten sich exakt so, als ob der Besucher die andere Website besucht h\u00e4tte.<\/p>\n\n\n\n<p>Diese Websites k\u00f6nnen Daten \u00fcber dich sammeln, Cookies benutzen, zus\u00e4tzliche Tracking-Dienste von Dritten einbetten und deine Interaktion mit diesem eingebetteten Inhalt aufzeichnen, inklusive deiner Interaktion mit dem eingebetteten Inhalt, falls du ein Konto hast und auf dieser Website angemeldet bist.<\/p>\n\n\n\n<h3 class=\"wp-block-heading\">Kontaktformular<\/h3>\n\n\n\n<p>Wir verwenden zur Kontaktaufnahme ein Plugin. Ben\u00fctzen Sie dieses Kontaktformular, werden ausschlie\u00dflich die von Ihnen zur Verf\u00fcgung gestellten Angaben (Name, E-Mail-Adresse, Nachricht und Zustimmungserkl\u00e4rung) an unser Postfach weitergeleitet und gespeichert. Es werden dabei keine Cookies erstellt.<\/p>\n\n\n\n<h3 class=\"wp-block-heading\">Mit wem wir Ihre Daten teilen<\/h3>\n\n\n\n<p>Es erfolgt, ohne Ihre Einwilligung, keine Weitergabe Ihrer \u00fcbermittelten Daten.<\/p>\n\n\n\n<h3 class=\"wp-block-heading\">Wie lange wir Ihre Daten speichern<\/h3>\n\n\n\n<p>Wenn Sie uns, entweder \u00fcber unser Kontaktformular auf unserer Webseite, oder per E-Mail kontaktieren, dann werden die von Ihnen an uns \u00fcbermittelten Daten zwecks Bearbeitung Ihrer Anfrage oder f\u00fcr den Fall von weiteren Anschlussfragen f\u00fcr sechs Monate bei uns gespeichert. In Ausnahmef\u00e4llen, etwa um vertragliche Verpflichtungen einzuhalten, k\u00f6nnen die \u00fcbermittelten Daten auch l\u00e4nger gespeichert werden.<\/p>\n\n\n\n<h3 class=\"wp-block-heading\">Welche Rechte Sie an Ihren Daten haben<\/h3>\n\n\n\n<p>Sie k\u00f6nnen jederzeit einen Export Ihrer personenbezogenen Daten bei uns anfordern, inklusive aller Daten, die Sie uns mitgeteilt haben. Dar\u00fcber hinaus k\u00f6nnen Sie die L\u00f6schung aller personenbezogenen Daten, die wir von Ihnen gespeichert haben, anfordern. Dies umfasst nicht die Daten, die wir aufgrund administrativer, rechtlicher oder sicherheitsrelevanter Notwendigkeiten aufbewahren m\u00fcssen.<\/p>\n\n\n\n<h3 class=\"wp-block-heading\">Kontaktdaten<\/h3>\n\n\n\n<p>Weitere Ausk\u00fcnfte \u00fcber unsere Datenschutzbestimmungen k\u00f6nnen Sie hier erfragen:<\/p>\n\n\n\n<p>David Ring<br>Tandelmarktgasse 10\/3<br>1020 Wien<br>E-Mail: &#x69;&#x6e;&#102;o&#x40;&#x64;&#97;vi&#x64;&#x72;&#105;n&#x67;&#x2e;&#110;&#101;t<\/p>\n\n\n\n<div style=\"height:100px\" aria-hidden=\"true\" id=\"privacy-policy_en\" class=\"wp-block-spacer\"><\/div>\n\n\n\n<h2 class=\"wp-block-heading\">Privacy policy<\/h2>\n\n\n\n<h3 class=\"wp-block-heading\">Basic information<\/h3>\n\n\n\n<p>In the following privacy policy, we inform you about the most important aspects of data processing on our website. We collect and process personal data only on the basis of the statutory provisions (General Data Protection Regulation, Telecommunications Act 2003).<\/p>\n\n\n\n<p>As soon as you access or visit our website as a user, your IP address, the start and end of the session are recorded. This is necessary for technical reasons and therefore constitutes a legitimate interest within the meaning of Art. 6 (1) (f) GDPR.<\/p>\n\n\n\n<h3 class=\"wp-block-heading\">Server log files<\/h3>\n\n\n\n<p>This website and the associated provider automatically collect information during website use via so-called \u201cserver log files.\u201d This applies in particular to:<\/p>\n\n\n\n<ul class=\"wp-block-list\">\n<li>IP address or host name<\/li>\n\n\n\n<li>the browser used<\/li>\n\n\n\n<li>Duration of stay on the website and date and time<\/li>\n\n\n\n<li>Pages accessed on the website<\/li>\n\n\n\n<li>Language settings and operating system<\/li>\n\n\n\n<li>\u201cLeaving page\u201d (the URL from which the user left the website)<\/li>\n\n\n\n<li>ISP (Internet Service Provider)<\/li>\n<\/ul>\n\n\n\n<p>This collected information is not processed in a personal manner or linked to personal data.<\/p>\n\n\n\n<h3 class=\"wp-block-heading\">Cookies<\/h3>\n\n\n\n<p>Our website uses cookies. These are small text files that are stored on your device with the help of your browser. They do not cause any damage. We use cookies to make our website user-friendly. Some cookies remain stored on your device until you delete them. They enable us to recognize your browser the next time you visit. If you do not want this, you can set your browser to notify you when cookies are set and only allow this in individual cases. If you deactivate cookies, the functionality of our website may be limited.<\/p>\n\n\n\n<p>You can find detailed information about the cookies used in our automatically generated <a href=\"https:\/\/davidring.net\/en\/cookie-richtlinie-eu\/\">cookie policy<\/a> (in German).<\/p>\n\n\n\n<h3 class=\"wp-block-heading\">Embedded content from other websites<\/h3>\n\n\n\n<p>Posts on this website may contain embedded content (e.g., videos, images, posts, etc.). Embedded content from other websites behaves exactly as if the visitor had visited the other website.<\/p>\n\n\n\n<p>These websites may collect data about you, use cookies, embed additional third-party tracking services, and record your interaction with this embedded content, including your interaction with the embedded content if you have an account and are logged in to that website.<\/p>\n\n\n\n<h3 class=\"wp-block-heading\">Contact form<\/h3>\n\n\n\n<p>We use a plugin to let you contact us. If you use this contact form, only the information you provide (name, email address, message, and declaration of consent) will be forwarded to our mailbox and stored. No cookies are created in the process.<\/p>\n\n\n\n<h3 class=\"wp-block-heading\">Who we share your data with<\/h3>\n\n\n\n<p>Your transmitted data will not be passed on without your consent.<\/p>\n\n\n\n<h3 class=\"wp-block-heading\">How long we store your data<\/h3>\n\n\n\n<p>If you contact us either via our contact form on our website or by email, the data you transmit to us will be stored by us for six months for the purpose of processing your inquiry or in case of further follow-up questions. In exceptional cases, for example to comply with contractual obligations, the data transmitted may be stored for a longer duration.<\/p>\n\n\n\n<h3 class=\"wp-block-heading\">What rights you have over your data<\/h3>\n\n\n\n<p>You can request an export of your personal data from us at any time, including all data that you have provided to us. In addition, you can request the deletion of all personal data that we have stored about you. This does not include data that we are required to retain for administrative, legal, or security reasons.<\/p>\n\n\n\n<h3 class=\"wp-block-heading\">Contact<\/h3>\n\n\n\n<p>Further information about our privacy policy can be obtained here:<\/p>\n\n\n\n<p>David Ring<br>Tandelmarktgasse 10\/3<br>1020 Wien<br>E-Mail: &#x69;&#x6e;&#x66;&#x6f;&#x40;&#x64;&#x61;&#118;&#105;&#100;&#114;&#105;ng&#46;n&#x65;&#x74;<\/p>","protected":false},"excerpt":{"rendered":"<p>Jump to English version Grundlegendes In folgender Datenschutzerkl\u00e4rung informieren wir Sie \u00fcber die wichtigsten Aspekte der Datenverarbeitung im Rahmen unserer Webseite. Wir erheben und verarbeiten personenbezogene Daten nur auf Grundlage der gesetzlichen Bestimmungen (Datenschutzgrundverordnung, Telekommunikationsgesetz 2003). Sobald Sie als Benutzer auf unsere Webseite zugreifen oder diese besuchen, wird Ihre IP-Adresse, Beginn sowie Beginn und Ende&#8230;<\/p>","protected":false},"author":1,"featured_media":0,"parent":0,"menu_order":0,"comment_status":"closed","ping_status":"open","template":"","meta":{"footnotes":""},"class_list":["post-3","page","type-page","status-publish","hentry"],"yoast_head":"<!-- This site is optimized with the Yoast SEO plugin v27.3 - https:\/\/yoast.com\/product\/yoast-seo-wordpress\/ -->\n<title>Datenschutzerkl\u00e4rung - David Ring<\/title>\n<meta name=\"robots\" content=\"noindex, follow\" \/>\n<meta property=\"og:locale\" content=\"en_US\" \/>\n<meta property=\"og:type\" content=\"article\" \/>\n<meta property=\"og:title\" content=\"Datenschutzerkl\u00e4rung - David Ring\" \/>\n<meta property=\"og:description\" content=\"Jump to English version Grundlegendes In folgender Datenschutzerkl\u00e4rung informieren wir Sie \u00fcber die wichtigsten Aspekte der Datenverarbeitung im Rahmen unserer Webseite. Wir erheben und verarbeiten personenbezogene Daten nur auf Grundlage der gesetzlichen Bestimmungen (Datenschutzgrundverordnung, Telekommunikationsgesetz 2003). Sobald Sie als Benutzer auf unsere Webseite zugreifen oder diese besuchen, wird Ihre IP-Adresse, Beginn sowie Beginn und Ende...\" \/>\n<meta property=\"og:url\" content=\"https:\/\/davidring.net\/en\/datenschutzerklaerung\/\" \/>\n<meta property=\"og:site_name\" content=\"David Ring\" \/>\n<meta property=\"article:publisher\" content=\"https:\/\/www.facebook.com\/davidringmusic\/\" \/>\n<meta property=\"article:modified_time\" content=\"2025-09-17T07:16:31+00:00\" \/>\n<meta property=\"og:image\" content=\"https:\/\/davidring.net\/wp-content\/uploads\/2025\/10\/banner_youtube_insider-socialmedia1200px.jpg\" \/>\n\t<meta property=\"og:image:width\" content=\"1200\" \/>\n\t<meta property=\"og:image:height\" content=\"675\" \/>\n\t<meta property=\"og:image:type\" content=\"image\/jpeg\" \/>\n<meta name=\"twitter:card\" content=\"summary_large_image\" \/>\n<meta name=\"twitter:label1\" content=\"Est. reading time\" \/>\n\t<meta name=\"twitter:data1\" content=\"6 minutes\" \/>\n<script type=\"application\/ld+json\" class=\"yoast-schema-graph\">{\"@context\":\"https:\\\/\\\/schema.org\",\"@graph\":[{\"@type\":\"WebPage\",\"@id\":\"https:\\\/\\\/davidring.net\\\/datenschutzerklaerung\\\/\",\"url\":\"https:\\\/\\\/davidring.net\\\/datenschutzerklaerung\\\/\",\"name\":\"Datenschutzerkl\u00e4rung - David Ring\",\"isPartOf\":{\"@id\":\"https:\\\/\\\/davidring.net\\\/#website\"},\"datePublished\":\"2025-09-04T19:22:08+00:00\",\"dateModified\":\"2025-09-17T07:16:31+00:00\",\"breadcrumb\":{\"@id\":\"https:\\\/\\\/davidring.net\\\/datenschutzerklaerung\\\/#breadcrumb\"},\"inLanguage\":\"en-US\",\"potentialAction\":[{\"@type\":\"ReadAction\",\"target\":[\"https:\\\/\\\/davidring.net\\\/datenschutzerklaerung\\\/\"]}]},{\"@type\":\"BreadcrumbList\",\"@id\":\"https:\\\/\\\/davidring.net\\\/datenschutzerklaerung\\\/#breadcrumb\",\"itemListElement\":[{\"@type\":\"ListItem\",\"position\":1,\"name\":\"Startseite\",\"item\":\"https:\\\/\\\/davidring.net\\\/\"},{\"@type\":\"ListItem\",\"position\":2,\"name\":\"Datenschutzerkl\u00e4rung\"}]},{\"@type\":\"WebSite\",\"@id\":\"https:\\\/\\\/davidring.net\\\/#website\",\"url\":\"https:\\\/\\\/davidring.net\\\/\",\"name\":\"David Ring\",\"description\":\"Alternative Rock mit Schm\u00e4h\",\"publisher\":{\"@id\":\"https:\\\/\\\/davidring.net\\\/#\\\/schema\\\/person\\\/a2eb4120e734f2aa0ac3affcad87db9d\"},\"potentialAction\":[{\"@type\":\"SearchAction\",\"target\":{\"@type\":\"EntryPoint\",\"urlTemplate\":\"https:\\\/\\\/davidring.net\\\/?s={search_term_string}\"},\"query-input\":{\"@type\":\"PropertyValueSpecification\",\"valueRequired\":true,\"valueName\":\"search_term_string\"}}],\"inLanguage\":\"en-US\"},{\"@type\":[\"Person\",\"Organization\"],\"@id\":\"https:\\\/\\\/davidring.net\\\/#\\\/schema\\\/person\\\/a2eb4120e734f2aa0ac3affcad87db9d\",\"name\":\"David Ring\",\"image\":{\"@type\":\"ImageObject\",\"inLanguage\":\"en-US\",\"@id\":\"https:\\\/\\\/davidring.net\\\/wp-content\\\/uploads\\\/2025\\\/09\\\/in-der-stmk_gold-blue-scaled.jpg\",\"url\":\"https:\\\/\\\/davidring.net\\\/wp-content\\\/uploads\\\/2025\\\/09\\\/in-der-stmk_gold-blue-scaled.jpg\",\"contentUrl\":\"https:\\\/\\\/davidring.net\\\/wp-content\\\/uploads\\\/2025\\\/09\\\/in-der-stmk_gold-blue-scaled.jpg\",\"width\":2560,\"height\":2560,\"caption\":\"David Ring\"},\"logo\":{\"@id\":\"https:\\\/\\\/davidring.net\\\/wp-content\\\/uploads\\\/2025\\\/09\\\/in-der-stmk_gold-blue-scaled.jpg\"},\"sameAs\":[\"https:\\\/\\\/davidring.net\",\"https:\\\/\\\/www.facebook.com\\\/davidringmusic\\\/\",\"https:\\\/\\\/www.instagram.com\\\/davidringmusic\\\/\",\"https:\\\/\\\/www.youtube.com\\\/@DavidRingMusic\",\"https:\\\/\\\/soundcloud.com\\\/davidring_music\"]}]}<\/script>\n<!-- \/ Yoast SEO plugin. -->","yoast_head_json":{"title":"Datenschutzerkl\u00e4rung - David Ring","robots":{"index":"noindex","follow":"follow"},"og_locale":"en_US","og_type":"article","og_title":"Datenschutzerkl\u00e4rung - David Ring","og_description":"Jump to English version Grundlegendes In folgender Datenschutzerkl\u00e4rung informieren wir Sie \u00fcber die wichtigsten Aspekte der Datenverarbeitung im Rahmen unserer Webseite. Wir erheben und verarbeiten personenbezogene Daten nur auf Grundlage der gesetzlichen Bestimmungen (Datenschutzgrundverordnung, Telekommunikationsgesetz 2003). Sobald Sie als Benutzer auf unsere Webseite zugreifen oder diese besuchen, wird Ihre IP-Adresse, Beginn sowie Beginn und Ende...","og_url":"https:\/\/davidring.net\/en\/datenschutzerklaerung\/","og_site_name":"David Ring","article_publisher":"https:\/\/www.facebook.com\/davidringmusic\/","article_modified_time":"2025-09-17T07:16:31+00:00","og_image":[{"width":1200,"height":675,"url":"https:\/\/davidring.net\/wp-content\/uploads\/2025\/10\/banner_youtube_insider-socialmedia1200px.jpg","type":"image\/jpeg"}],"twitter_card":"summary_large_image","twitter_misc":{"Est. reading time":"6 minutes"},"schema":{"@context":"https:\/\/schema.org","@graph":[{"@type":"WebPage","@id":"https:\/\/davidring.net\/datenschutzerklaerung\/","url":"https:\/\/davidring.net\/datenschutzerklaerung\/","name":"Datenschutzerkl\u00e4rung - David Ring","isPartOf":{"@id":"https:\/\/davidring.net\/#website"},"datePublished":"2025-09-04T19:22:08+00:00","dateModified":"2025-09-17T07:16:31+00:00","breadcrumb":{"@id":"https:\/\/davidring.net\/datenschutzerklaerung\/#breadcrumb"},"inLanguage":"en-US","potentialAction":[{"@type":"ReadAction","target":["https:\/\/davidring.net\/datenschutzerklaerung\/"]}]},{"@type":"BreadcrumbList","@id":"https:\/\/davidring.net\/datenschutzerklaerung\/#breadcrumb","itemListElement":[{"@type":"ListItem","position":1,"name":"Startseite","item":"https:\/\/davidring.net\/"},{"@type":"ListItem","position":2,"name":"Datenschutzerkl\u00e4rung"}]},{"@type":"WebSite","@id":"https:\/\/davidring.net\/#website","url":"https:\/\/davidring.net\/","name":"David Ring","description":"Witty Alternative Rock","publisher":{"@id":"https:\/\/davidring.net\/#\/schema\/person\/a2eb4120e734f2aa0ac3affcad87db9d"},"potentialAction":[{"@type":"SearchAction","target":{"@type":"EntryPoint","urlTemplate":"https:\/\/davidring.net\/?s={search_term_string}"},"query-input":{"@type":"PropertyValueSpecification","valueRequired":true,"valueName":"search_term_string"}}],"inLanguage":"en-US"},{"@type":["Person","Organization"],"@id":"https:\/\/davidring.net\/#\/schema\/person\/a2eb4120e734f2aa0ac3affcad87db9d","name":"David Ring","image":{"@type":"ImageObject","inLanguage":"en-US","@id":"https:\/\/davidring.net\/wp-content\/uploads\/2025\/09\/in-der-stmk_gold-blue-scaled.jpg","url":"https:\/\/davidring.net\/wp-content\/uploads\/2025\/09\/in-der-stmk_gold-blue-scaled.jpg","contentUrl":"https:\/\/davidring.net\/wp-content\/uploads\/2025\/09\/in-der-stmk_gold-blue-scaled.jpg","width":2560,"height":2560,"caption":"David Ring"},"logo":{"@id":"https:\/\/davidring.net\/wp-content\/uploads\/2025\/09\/in-der-stmk_gold-blue-scaled.jpg"},"sameAs":["https:\/\/davidring.net","https:\/\/www.facebook.com\/davidringmusic\/","https:\/\/www.instagram.com\/davidringmusic\/","https:\/\/www.youtube.com\/@DavidRingMusic","https:\/\/soundcloud.com\/davidring_music"]}]}},"_links":{"self":[{"href":"https:\/\/davidring.net\/en\/wp-json\/wp\/v2\/pages\/3","targetHints":{"allow":["GET"]}}],"collection":[{"href":"https:\/\/davidring.net\/en\/wp-json\/wp\/v2\/pages"}],"about":[{"href":"https:\/\/davidring.net\/en\/wp-json\/wp\/v2\/types\/page"}],"author":[{"embeddable":true,"href":"https:\/\/davidring.net\/en\/wp-json\/wp\/v2\/users\/1"}],"replies":[{"embeddable":true,"href":"https:\/\/davidring.net\/en\/wp-json\/wp\/v2\/comments?post=3"}],"version-history":[{"count":12,"href":"https:\/\/davidring.net\/en\/wp-json\/wp\/v2\/pages\/3\/revisions"}],"predecessor-version":[{"id":476,"href":"https:\/\/davidring.net\/en\/wp-json\/wp\/v2\/pages\/3\/revisions\/476"}],"wp:attachment":[{"href":"https:\/\/davidring.net\/en\/wp-json\/wp\/v2\/media?parent=3"}],"curies":[{"name":"wp","href":"https:\/\/api.w.org\/{rel}","templated":true}]}}